{"id":107959,"date":"2022-02-28T11:17:20","date_gmt":"2022-02-28T10:17:20","guid":{"rendered":"https:\/\/sondemar.fr\/politique-de-confidentialite\/"},"modified":"2025-01-13T12:06:32","modified_gmt":"2025-01-13T11:06:32","slug":"politique-de-confidentialite","status":"publish","type":"page","link":"https:\/\/sondemar.fr\/it\/politique-de-confidentialite\/","title":{"rendered":"\u200f\u200fInformativa sulla privacy"},"content":{"rendered":"<div class=\"wpb-content-wrapper\"><p>[vc_row][vc_column width=&#8221;1\/1&#8243;][vc_custom_heading text_font=&#8221;font-372420&#8243; text_size=&#8221;fontsize-155944&#8243; text_weight=&#8221;200&#8243; text_transform=&#8221;uppercase&#8221; text_space=&#8221;fontspace-784970&#8243; uncode_shortcode_id=&#8221;111913&#8243;]\u200f\u200fINFORMATIVA SULLA PRIVACY[\/vc_custom_heading][vc_column_text uncode_shortcode_id=&#8221;114863&#8243;]<strong>Introduzione<\/strong><\/p>\n<p>Nell&#8217;ambito dell&#8217;utilizzo dei propri servizi e in particolare dei servizi accessibili sul sito web, sul sito mobile, sulla boutique online e sulle applicazioni mobili, SON DE MAR, in qualit\u00e0 di titolare del trattamento, pu\u00f2 raccogliere ed elaborare i dati personali dell&#8217;utente.<\/p>\n<p>Ci impegniamo a proteggere la privacy dei potenziali clienti e dei visitatori del nostro sito internet, anche nella sua versione mobile, della nostra boutique online e delle app mobili. Qualsivoglia trattamento dati effettuato nell&#8217;ambito dei servizi messi a disposizione \u00e8 conforme alle normative locali applicabili alla protezione dei dati personali e in particolare alle disposizioni della legge francese sulla protezione dei dati del 6 gennaio 1978 e successive modifiche e al Regolamento generale sulla protezione dei dati (Regolamento UE 2016\/679) o \u201cRGPD\u201d.<\/p>\n<p><strong>1 &#8211; QUALI SONO I NOSTRI IMPEGNI IN MATERIA DI PROTEZIONE DEI DATI PERSONALI?<\/strong><\/p>\n<p>SON DE MAR si impegna a garantire un elevato livello di protezione dei dati personali dei propri clienti, dei potenziali clienti e degli utenti dei propri siti web (sito internet, sito mobile, boutique online e applicazioni mobili), nonch\u00e9 di qualsiasi altra persona di cui tratta i dati personali.<\/p>\n<p>SON DE MAR si impegna a rispettare la normativa applicabile a qualsivoglia trattamento di dati personali messo in atto:<\/p>\n<ul>\n<li>I vostri dati personali saranno trattati in modo legale, corretto e trasparente.<\/li>\n<li>I vostri dati personali sono raccolti per scopi precisi, espliciti e legittimi e non vengono ulteriormente trattati in modo incompatibile con tali scopi;<\/li>\n<li>I vostri dati personali sono salvati in modo appropriato e pertinente e sono limitati a quanto necessario per lo scopo per cui sono trattati;<\/li>\n<li>I vostri dati personali sono accurati e mantenuti aggiornati e vengono adottate tutte le misure ragionevoli per garantire che i dati inesatti, tenuto conto dello scopo per cui sono trattati, siano cancellati o rettificati senza indugio.<\/li>\n<\/ul>\n<p>SON DE MAR mette in atto le misure tecnologiche e organizzative necessarie per garantire un livello di sicurezza adeguato al rischio insito al trattamento dei dati personali, per rispettare i requisiti normativi e per proteggere i diritti e i dati dei soggetti interessati, fin dalle operazioni di definizione del trattamento stesso.<span class=\"Apple-converted-space\">\u00a0<\/span><\/p>\n<p>Inoltre, SON DE MAR impone contrattualmente lo stesso livello di protezione dei dati personali ai suoi subappaltatori (fornitori di servizi e beni, ecc.).<\/p>\n<p>&nbsp;<\/p>\n<p><strong>2 &#8211; QUALI DATI PERSONALI RACCOGLIAMO?<\/strong><\/p>\n<p><strong>A &#8211; A seconda dello scopo del trattamento<\/strong><\/p>\n<p>I dati personali che raccogliamo variano a seconda dello scopo del trattamento e del Servizio che forniamo.<\/p>\n<p>In via generale, possiamo raccogliere direttamente le seguenti categorie di dati personali:<\/p>\n<ol>\n<li><span class=\"Apple-converted-space\">\u00a0 \u00a0 <\/span>a) dati personali, quali cognome, nome, indirizzo e-mail, indirizzo postale e numero\/i di telefono;<\/li>\n<li>b) le credenziali utilizzate per accedere al vostro account online, ossia il vostro nome utente e la vostra password. Queste informazioni ci sono necessarie per creare un account utente personale;<\/li>\n<li>c) scambi avuti con il nostro personale, che possono includere dettagli di conversazioni via chat, servizio clienti, ecc.;<\/li>\n<li>d) informazioni demografiche, quali et\u00e0, sesso e le vostre preferenze attinenti a diversi ambiti (compresi i vostri prodotti preferiti e l\u2019interesse manifestato a tali prodotti);<\/li>\n<li>e) la cronologia di navigazione, come le pagine visitate, la data della visita, la vostra geolocalizzazione al momento della visita o l&#8217;indirizzo IP;<\/li>\n<li>f) informazioni relative al pagamento quando viene effettuato un acquisto o una prenotazione su uno dei nostri siti, la boutique online o una delle nostre applicazioni. Generalmente, la fattura viene emessa con il nome, l&#8217;indirizzo di fatturazione e i dati di pagamento, quali in numero di carta di credito o di conto corrente bancario;<\/li>\n<\/ol>\n<p>I dati personali possono essere raccolti anche indirettamente in caso di condivisione di contenuti relativi ai nostri prodotti e servizi su social network, siti web, altri boutique online e applicazioni, o di risposta ai nostri post e annunci promozionali sui social network.<\/p>\n<p><strong>B &#8211; Dati personali relativi ai minori<\/strong><\/p>\n<p>SON DE MAR non raccoglie n\u00e9 tratta i dati personali dei soggetti di et\u00e0 inferiore ai 18 anni, senza previo consenso dei loro genitori o tutori.<\/p>\n<p>Se i dati personali dei minori vengono raccolti tramite i nostri siti (sito web, sito mobile, boutique online e applicazioni mobili), i genitori o i loro tutori possono opporsi contattandoci all&#8217;indirizzo indicato in fondo a questa pagina.<\/p>\n<p><strong>3 &#8211; COME VENGONO RACCOLTI I DATI PERSONALI?<\/strong><\/p>\n<p><strong>A &#8211; Modalit\u00e0 di raccolta dei dati<\/strong><\/p>\n<p>Nell&#8217;ambito del nostro rapporto contrattuale, \u00e8 probabile che ci comunichiate i vostri dati personali con vari mezzi e in particolare sui nostri siti: sito web, sito mobile, boutique online e applicazioni mobili. La comunicazione pu\u00f2 avvenire durante la vostra navigazione su Internet; in caso di acquisti o prenotazioni; compilando i vari moduli di contatto; in caso di iscrizione alla e-newsletter, di creazione di un account, di invio di una richiesta o di pubblicazione di commenti sulle nostre pagine social; quando prendete contatto con la nostra struttura o quando ci inviate i vostri dati personali in qualsiasi altro modo.<\/p>\n<p><strong>B &#8211; Indirizzo IP<\/strong><\/p>\n<p>L&#8217;indirizzo IP consiste in una serie di cifre assegnate automaticamente al vostro computer dall&#8217;ISP (Internet service provider) a ogni connessione. Per ogni visita sul nostro sito, i nostri server registrano la traccia del vostro passaggio. Raccogliamo gli indirizzi IP per analizzare le principali attivit\u00e0 registrate sul sito. Non registriamo alcuna informazione che possa identificare l&#8217;utente, il che significa che la sua sessione sar\u00e0 registrata, ma rimarr\u00e0 anonima per noi. Possiamo utilizzare il vostro indirizzo IP in collaborazione con il vostro ISP per identificarvi nel caso in cui dovessimo trovarci a dover applicare le condizioni generali di utilizzo per proteggere i nostri servizi, i nostri clienti o per rispettare le leggi in vigore.<\/p>\n<p><strong>C \u2013 Cookie<\/strong><\/p>\n<p>Al fine di migliorare costantemente la qualit\u00e0 dei servizi offerti sui nostri siti web (sito internet, sito mobile, boutique online e applicazione mobile) e per garantire che soddisfino le vostre aspettative, SON DE MAR pu\u00f2 avvalersi dei \u201ccookie\u201d, frammenti di file di testo che ci permettono di identificare il vostro dispositivo nel momento in cui accedete a uno dei nostri servizi.<span class=\"Apple-converted-space\">\u00a0 <\/span>L\u2019archiviazione dei cookie sul dispositivo dell\u2019utente (computer, tablet, smartphone, ecc.) consente a SON DE MAR di raccogliere informazioni e dati personali, a seconda delle impostazioni scelte dall\u2019utente in fase di navigazione.<span class=\"Apple-converted-space\">\u00a0<\/span><\/p>\n<p><strong>Tipi di cookie utilizzati:<\/strong><\/p>\n<ol>\n<li>a) Cookie essenziali per l&#8217;utilizzo del sito. Permettono di utilizzare le funzioni principali del sito, come l&#8217;acquisto o la prenotazione di servizi. Disabilitando l\u2019utilizzo di questi cookie, non potrete pi\u00f9 usufruire di queste funzioni di base.<span class=\"Apple-converted-space\">\u00a0 <\/span>Le informazioni salvate non possono essere utilizzate a scopo commerciale.<\/li>\n<li>b) Cookie di prestazione.<span class=\"Apple-converted-space\">\u00a0 <\/span>I cookie di prestazione ci consentono di ottimizzare il nostro sito web e di rilevare eventuali problemi tecnici. Ci permettono di raccogliere informazioni sull&#8217;utilizzo del sito, in particolare il numero di visite per pagina, il numero di messaggi di errore visualizzati, il tempo trascorso su una pagina o il numero di clic su una determinata area del sito. Le informazioni salvate non possono essere utilizzate a scopo commerciale.<\/li>\n<li>c) Cookie funzionali. Questi cookie consentono al sito di ricordare le scelte fatte dall&#8217;utente (come il nome utente, la lingua impostata o la regione in cui si trova) e di fornire un\u2019esperienza di navigazione personalizzata. Questi cookie possono essere utilizzati anche per ricordare le modifiche apportate dall&#8217;utente, come la dimensione o il carattere del testo. Possono essere utilizzati per fornire i servizi richiesti dall&#8217;utente, come riprodurre un video o lasciare un commento su un blog. Le informazioni raccolte da questi cookie possono essere rese anonime e non possono tracciare la vostra attivit\u00e0 di navigazione su altri siti. Utilizzando il nostro sito web, l&#8217;utente accetta di ricevere questo tipo di cookie sul proprio dispositivo.<\/li>\n<li>d) Cookie profilanti o di marketing. Questi cookie raccolgono informazioni sulle vostre abitudini di navigazione, per offrirvi pubblicit\u00e0 pertinenti e corrispondente ai vostri centri di interesse. Ci consentono, inoltre, di limitare il numero di visualizzazioni di un determinano annuncio pubblicitario e ci aiutano a valutare l&#8217;efficacia delle nostre campagne pubblicitarie. In genere vengono inviati dai network pubblicitari con l&#8217;autorizzazione dell&#8217;operatore del sito web. Memorizzano le visite a un sito e condividono queste informazioni con altre aziende (ad esempio, con gli inserzionisti). I cookie profilanti o pubblicitari sono spesso collegati a funzioni fornite sul sito dall&#8217;azienda partner. Le informazioni vengono raccolte e condivise con terzi per fornire soluzioni di targeting e ottimizzazione del pubblico a inserzionisti ed editori. Non vengono raccolti dati personali e nessun individuo pu\u00f2 essere identificato attraverso i dati raccolti.<\/li>\n<li>e) Cookie provenienti da siti terzi e dai social network. Il nostro sito web contiene link e\/o contenuti che rimandano ad altri siti web e social network, e non sappiamo quali cookie siano utilizzati da questi ultimi. Per saperne di pi\u00f9, si prega di consultare le informazioni fornite dai siti e dai social network terzi sui propri cookie.<\/li>\n<\/ol>\n<p><strong>D &#8211; Rispetto della privacy<\/strong><\/p>\n<p>Ci impegniamo a proteggere la vostra privacy e a rispettare i 2 principi seguenti.<\/p>\n<p>&#8211; Non associamo i vostri cookie a nessuna informazione che permetta di identificarvi direttamente e personalmente. In nessun caso i cookie ci permettono di conoscere il vostro indirizzo, la vostra data di nascita, il numero di telefono o qualsiasi altra informazione che possa essere utilizzata per identificarvi.<\/p>\n<p>&#8211; Non forniamo alcuna informazione personale agli inserzionisti o ai siti terzi che mostrano i nostri annunci in base ai centri di interesse dell&#8217;utente.<\/p>\n<p>Se il vostro computer o telefono cellulare \u00e8 utilizzato da pi\u00f9 persone, o se dispone di pi\u00f9 browser, \u00e8 possibile che il contenuto visualizzato dagli altri utenti corrisponda alle vostre preferenze. Se lo desiderate, \u00e8 possibile modificare le impostazioni del browser.<\/p>\n<p>Per maggiori informazioni sul funzionamento dei cookie e della pubblicit\u00e0 mirata, visitate il sito web della CNIL (Commission nationale de l&#8217;informatique et des libert\u00e9s &#8211; Francia):\u00a0<a href=\"https:\/\/www.cnil.fr\/fr\/cookies-les-outils-pour-les-maitriser\">https:\/\/www.cnil.fr\/fr\/cookies-les-outils-pour-les-maitriser<\/a><\/p>\n<p><strong>E &#8211; Link a siti terzi<\/strong><\/p>\n<p>I nostri siti: sito web, sito mobile, boutique online e applicazioni mobili possono contenere link a siti web di terzi.<\/p>\n<p>Decliniamo ogni responsabilit\u00e0 relativa alla raccolta, l&#8217;uso, la gestione, la condivisione o la divulgazione di dati e informazioni da parte di terzi.<\/p>\n<p>La comunicazione di informazioni su siti terzi \u00e8 regolata dall\u2019informativa sulla privacy e dalle condizioni di utilizzo di tali siti. Si consiglia di leggere l\u2019informativa sulla privacy di questi siti web prima di inviare qualsiasi informazione personale.<\/p>\n<p><strong>4 &#8211; QUAL \u00c8 LO SCOPO DEI DATI CHE POSSONO ESSERE RACCOLTI?<\/strong><\/p>\n<p>I vostri dati sono utilizzati principalmente per finalit\u00e0 di prenotazione e acquisto (fornitura di servizi, prestazioni e prodotti specifici), sondaggi, fidelizzazione della clientela, promozione, informazioni commerciali, indagini di soddisfazione, organizzazione di concorsi a premi, promozioni di nuovi servizi e prodotti volti a migliorare l&#8217;esperienza del cliente all&#8217;interno della nostra struttura, studi statistici, assunzione del personale, servizio post-vendita, gestione delle vostre richieste e\/o reclami. Oltre ai casi in cui \u00e8 stato ottenuto il vostro consenso (in particolare, per aggiornarvi in merito alle offerte personalizzate), il trattamento dei vostri dati per le varie finalit\u00e0 sopra menzionate \u00e8 necessario per:<\/p>\n<ul>\n<li><span class=\"Apple-converted-space\">\u00a0<\/span>Garantire l&#8217;esecuzione del contratto di prestazione;<\/li>\n<li>Adempiere a un\u2019obbligazione legale;<\/li>\n<li>Perseguire i legittimi interessi dalla nostra struttura (in particolare, lo sviluppo di nuovi servizi e offerte, il miglioramento del servizio clienti, ecc.)<\/li>\n<\/ul>\n<p>Pi\u00f9 nel dettaglio, i vostri dati saranno utilizzati per:<\/p>\n<ul>\n<li><span class=\"Apple-converted-space\">\u00a0 <\/span>Consentirvi di usufruire di tutti i servizi disponibili sul sito web, sul sito mobile, sulla boutique online e sulle applicazioni mobili della nostra struttura: creazione di un account utente, e-newsletter, gestione delle prenotazioni, assistenza e reclami, gestione del programma fedelt\u00e0, ecc.;<\/li>\n<li>Consentirvi di navigare nei nostri siti web;<\/li>\n<li>Adeguare il pi\u00f9 possibile le nostre informazioni, notifiche, offerte e altri servizi ai vostri interessi;<\/li>\n<li>Facilitare l&#8217;espletamento delle formalit\u00e0 amministrative legate alla prenotazione e all&#8217;acquisto.<\/li>\n<\/ul>\n<p>&nbsp;<\/p>\n<p><strong>5 &#8211; PER QUANTO TEMPO VENGONO CONSERVATI I DATI?<\/strong><\/p>\n<p>SON DE MAR si impegna a conservare i dati personali dell&#8217;utente per un periodo di tempo non superiore a quello necessario per le finalit\u00e0 per le quali vengono trattati.<\/p>\n<p>La durata di conservazione dei vostri dati \u00e8 definita in base alle finalit\u00e0 del trattamento effettuato da SON DE MAR e tiene conto, in particolare, delle disposizioni di legge applicabili che impongono un periodo di conservazione specifico per determinate categorie di dati, di eventuali termini di prescrizione e delle raccomandazioni della CNIL relative a determinate categorie di trattamento dei dati.<\/p>\n<p><strong>6 &#8211; CHI PU\u00d2 AVERE ACCESSO AI VOSTRI DATI PERSONALI?<\/strong><\/p>\n<p><strong>A &#8211; Destinatari dei vostri dati<\/strong><\/p>\n<p>I dati raccolti sul nostro sito web, sito mobile, boutique online e applicazioni mobili possono essere comunicati al nostro personale interno, o ai fornitori a esso complementari (fornitori di beni e servizi, subappaltatori, banche), nell&#8217;ambito dell&#8217;esecuzione di tutti o parte dei servizi di cui sopra. Si prega di notare che SON DE MAR richiede ai propri fornitori di servizi l&#8217;applicazione di rigorose misure di riservatezza e protezione dei dati.<\/p>\n<p><strong>B &#8211; Trasferimento di dati personali al di fuori dell\u2019Unione Europea<\/strong><\/p>\n<p>Il trattamento dei dati personali al di fuori dello Spazio Economico Europeo (SEE) \u00e8 ammesso. In tal caso, SON DE MAR far\u00e0 tutto il possibile per assicurare che il trasferimento internazionale di dati abbia un livello di sicurezza e di protezione adeguato a quello europeo.<span class=\"Apple-converted-space\">\u00a0<\/span><\/p>\n<p><strong>7 &#8211; COME ESERCITARE I VOSTRI DIRITTI?<\/strong><\/p>\n<p>In conformit\u00e0 alla normativa vigente in materia di protezione dei dati personali, l&#8217;utente pu\u00f2, in qualsiasi momento, esercitare i diritti di accesso, rettifica e cancellazione dei dati che lo riguardano, nonch\u00e9 i diritti di limitazione e opposizione al trattamento e alla portabilit\u00e0 dei suoi dati personali.<\/p>\n<p>Inoltre, avete il diritto legale di definire il destino dei dati a carattere personale in caso di decesso.<\/p>\n<p>Inoltre, qualsivoglia soggetto di et\u00e0 inferiore ai 18 anni al momento della raccolta dei dati personali, pu\u00f2 ottenerne la cancellazione in termini brevi.<span class=\"Apple-converted-space\">\u00a0<\/span><\/p>\n<p>Tali diritti possono essere esercitati presentando richiesta ai seguenti indirizzi: SAS PUMONTI &#8211; Boulevard Napol\u00e9on &#8211; San Ciprianu &#8211; 20137 Lecci<\/p>\n<p><span style=\"color: #271c1a;\"><a href=\"mailto:front@sondemar.fr\">front@sondemar.fr<\/a><\/span><\/p>\n<p>A tal fine, vi chiediamo di allegare alla vostra richiesta le informazioni necessarie per identificarvi (cognome, nome, indirizzo e-mail) e qualsiasi altra informazione necessaria per confermare la vostra identit\u00e0. Avete inoltre il diritto di ricorrere alla Commission Nationale de l&#8217;Informatique et des Libert\u00e9s (Autorit\u00e0 francese per la protezione dei dati) in caso di violazione delle norme applicabili alla protezione dei dati personali, in particolare del RGPD.<\/p>\n<p><strong>8 &#8211; SICUREZZA INFORMATICA \/ PROTEZIONE DELLE TRANSAZIONI<\/strong><\/p>\n<p>Garantire la sicurezza e la riservatezza dei dati personali che ci affidate \u00e8 una priorit\u00e0 per SON DE MAR. Mettiamo in atto tutte le misure tecnologiche e organizzative adeguate, tenendo conto della natura, della portata e del contesto dei dati personali forniti e dei rischi insiti al loro trattamento, per proteggere la sicurezza dei vostri dati personali e, in particolare, per prevenire qualsiasi distruzione, perdita, alterazione, divulgazione, intrusione o accesso non autorizzato a tali dati.<\/p>\n<p>Vi offriamo un sistema di pagamento online sicuro che utilizza le tecnologie pi\u00f9 avanzate.<\/p>\n<p>SON DE MAR si impegna a combattere il reato di furto di identit\u00e0 sul web. Per questo motivo, ad esempio, utilizziamo un dispositivo di individuazione dei pagamenti fraudolenti con carta di credito. Questo sistema \u00e8 stato progettato per proteggervi in caso di smarrimento o furto della vostra carta di credito.<\/p>\n<p>La sicurezza e la riservatezza dei dati personali dipendono dalle buone pratiche di tutti. Pertanto, vi invitiamo a non condividere le vostre password con terzi, a effettuare sempre il log-out dal vostro account sul sito e sui profili social (soprattutto in caso di account collegati) e di chiudere la finestra del browser al termine della vostra sessione di navigazione, in particolare se accedete a Internet da un dispositivo o una postazione condivisi con altre persone. Questo impedir\u00e0 ad altri utenti di accedere alle vostre informazioni personali.<\/p>\n<p><strong>9 &#8211; CONTATTI<\/strong><\/p>\n<p>Per qualsivoglia domanda o dubbio sulla presente informativa o sul modo in cui SON DE MAR tratta i vostri dati personali, vi invitiamo a contattarci al seguente indirizzo:<span style=\"color: #271c1a;\"> <a style=\"color: #271c1a;\" href=\"mailto:front@sondemar.fr\">front@sondemar.fr<\/a><\/span><\/p>\n<p><strong>10 &#8211; MODIFICHE ALL\u2019INFORMATIVA<\/strong><\/p>\n<p>SON DE MAR si riserva il diritto di adeguare la politica di protezione dei dati personali. In caso di modifiche sostanziali, viene pubblicato sulla home page del nostro sito, un link alla presente Informativa con i relativi aggiornamenti.<span class=\"Apple-converted-space\">\u00a0<\/span>[\/vc_column_text][\/vc_column][\/vc_row]<\/p>\n<\/div>","protected":false},"excerpt":{"rendered":"<p>[vc_row][vc_column width=&#8221;1\/1&#8243;][vc_custom_heading text_font=&#8221;font-372420&#8243; text_size=&#8221;fontsize-155944&#8243; text_weight=&#8221;200&#8243; text_transform=&#8221;uppercase&#8221; text_space=&#8221;fontspace-784970&#8243; uncode_shortcode_id=&#8221;111913&#8243;]\u200f\u200fINFORMATIVA SULLA PRIVACY[\/vc_custom_heading][vc_column_text uncode_shortcode_id=&#8221;114863&#8243;]Introduzione Nell&#8217;ambito dell&#8217;utilizzo dei propri servizi e in particolare dei [&hellip;]<\/p>\n","protected":false},"author":1,"featured_media":0,"parent":0,"menu_order":0,"comment_status":"closed","ping_status":"closed","template":"","meta":{"footnotes":""},"class_list":["post-107959","page","type-page","status-publish","hentry"],"aioseo_notices":[],"_links":{"self":[{"href":"https:\/\/sondemar.fr\/it\/wp-json\/wp\/v2\/pages\/107959","targetHints":{"allow":["GET"]}}],"collection":[{"href":"https:\/\/sondemar.fr\/it\/wp-json\/wp\/v2\/pages"}],"about":[{"href":"https:\/\/sondemar.fr\/it\/wp-json\/wp\/v2\/types\/page"}],"author":[{"embeddable":true,"href":"https:\/\/sondemar.fr\/it\/wp-json\/wp\/v2\/users\/1"}],"replies":[{"embeddable":true,"href":"https:\/\/sondemar.fr\/it\/wp-json\/wp\/v2\/comments?post=107959"}],"version-history":[{"count":5,"href":"https:\/\/sondemar.fr\/it\/wp-json\/wp\/v2\/pages\/107959\/revisions"}],"predecessor-version":[{"id":107977,"href":"https:\/\/sondemar.fr\/it\/wp-json\/wp\/v2\/pages\/107959\/revisions\/107977"}],"wp:attachment":[{"href":"https:\/\/sondemar.fr\/it\/wp-json\/wp\/v2\/media?parent=107959"}],"curies":[{"name":"wp","href":"https:\/\/api.w.org\/{rel}","templated":true}]}}