{"id":107940,"date":"2022-08-30T16:42:36","date_gmt":"2022-08-30T14:42:36","guid":{"rendered":"https:\/\/sondemar.fr\/offres-speciales-sejour-porto-vecchio\/"},"modified":"2026-01-30T10:16:33","modified_gmt":"2026-01-30T09:16:33","slug":"offres-speciales-sejour-porto-vecchio","status":"publish","type":"page","link":"https:\/\/sondemar.fr\/it\/offres-speciales-sejour-porto-vecchio\/","title":{"rendered":"Offerte Speciali Soggiorno Porto Vecchio"},"content":{"rendered":"<div class=\"wpb-content-wrapper\"><p>[vc_row row_height_percent=&#8221;0&#8243; override_padding=&#8221;yes&#8221; h_padding=&#8221;2&#8243; top_padding=&#8221;2&#8243; bottom_padding=&#8221;2&#8243; overlay_alpha=&#8221;50&#8243; gutter_size=&#8221;3&#8243; column_width_percent=&#8221;100&#8243; shift_y=&#8221;0&#8243; z_index=&#8221;0&#8243; top_divider=&#8221;step_2_3&#8243; uncode_shortcode_id=&#8221;150042&#8243; back_color_type=&#8221;uncode-solid&#8221; back_color_solid=&#8221;#fbf3e0&#8243;][vc_column column_width_percent=&#8221;100&#8243; position_vertical=&#8221;middle&#8221; align_horizontal=&#8221;align_center&#8221; gutter_size=&#8221;4&#8243; style=&#8221;dark&#8221; overlay_alpha=&#8221;50&#8243; shift_x=&#8221;0&#8243; shift_y=&#8221;0&#8243; shift_y_down=&#8221;0&#8243; z_index=&#8221;0&#8243; medium_width=&#8221;0&#8243; mobile_width=&#8221;0&#8243; width=&#8221;1\/1&#8243; uncode_shortcode_id=&#8221;185947&#8243;][vc_custom_heading heading_semantic=&#8221;h1&#8243; text_font=&#8221;font-149566&#8243; text_size=&#8221;fontsize-119226&#8243; text_weight=&#8221;400&#8243; text_space=&#8221;fontspace-210350&#8243; uncode_shortcode_id=&#8221;165954&#8243; text_color_type=&#8221;uncode-solid&#8221; text_color_solid=&#8221;#271c1a&#8221;]OFFERTE DEL MOMENTO[\/vc_custom_heading][\/vc_column][\/vc_row][vc_row row_height_percent=&#8221;0&#8243; override_padding=&#8221;yes&#8221; h_padding=&#8221;2&#8243; top_padding=&#8221;2&#8243; bottom_padding=&#8221;2&#8243; overlay_alpha=&#8221;50&#8243; gutter_size=&#8221;3&#8243; column_width_percent=&#8221;100&#8243; shift_y=&#8221;0&#8243; z_index=&#8221;0&#8243; top_divider=&#8221;step_2_3&#8243; uncode_shortcode_id=&#8221;157725&#8243; back_color_type=&#8221;uncode-solid&#8221;][vc_column column_width_percent=&#8221;100&#8243; position_vertical=&#8221;middle&#8221; align_horizontal=&#8221;align_center&#8221; gutter_size=&#8221;4&#8243; style=&#8221;dark&#8221; overlay_alpha=&#8221;50&#8243; shift_x=&#8221;0&#8243; shift_y=&#8221;0&#8243; shift_y_down=&#8221;0&#8243; z_index=&#8221;0&#8243; medium_width=&#8221;0&#8243; mobile_width=&#8221;0&#8243; width=&#8221;1\/2&#8243; uncode_shortcode_id=&#8221;201216&#8243;][vc_single_image media=&#8221;107140&#8243; media_width_percent=&#8221;100&#8243; uncode_shortcode_id=&#8221;171458&#8243;][\/vc_column][vc_column column_width_percent=&#8221;100&#8243; gutter_size=&#8221;3&#8243; overlay_alpha=&#8221;50&#8243; shift_x=&#8221;0&#8243; shift_y=&#8221;0&#8243; shift_y_down=&#8221;0&#8243; z_index=&#8221;0&#8243; medium_width=&#8221;0&#8243; mobile_width=&#8221;0&#8243; width=&#8221;1\/2&#8243; uncode_shortcode_id=&#8221;339413&#8243;][vc_empty_space empty_h=&#8221;5&#8243;][vc_custom_heading heading_semantic=&#8221;h1&#8243; text_font=&#8221;font-149566&#8243; text_size=&#8221;fontsize-225588&#8243; text_weight=&#8221;400&#8243; text_space=&#8221;fontspace-210350&#8243; sub_lead=&#8221;yes&#8221; sub_reduced=&#8221;yes&#8221; uncode_shortcode_id=&#8221;645736&#8243; text_color_type=&#8221;uncode-solid&#8221; text_color_solid=&#8221;#271c1a&#8221;]Al momento non sono disponibili offerte promozionali.[\/vc_custom_heading][vc_empty_space empty_h=&#8221;1&#8243;][vc_custom_heading heading_semantic=&#8221;p&#8221; text_font=&#8221;font-637337&#8243; text_size=&#8221;fontsize-909951&#8243; text_weight=&#8221;400&#8243; text_height=&#8221;fontheight-157562&#8243; text_space=&#8221;fontspace-784970&#8243; sub_lead=&#8221;yes&#8221; sub_reduced=&#8221;yes&#8221; desktop_visibility=&#8221;yes&#8221; medium_visibility=&#8221;yes&#8221; mobile_visibility=&#8221;yes&#8221; uncode_shortcode_id=&#8221;763918&#8243; text_color_type=&#8221;uncode-solid&#8221; text_color_solid=&#8221;#271c1a&#8221;]L\u2019offerta include 3 notti al prezzo di 2.<\/p>\n<p>Valida dal 07\/05\/2025 al 31\/05\/2025.[\/vc_custom_heading][vc_empty_space empty_h=&#8221;1&#8243;][vc_button size=&#8221;link&#8221; btn_link_size=&#8221;fontsize-909951&#8243; custom_typo=&#8221;yes&#8221; font_family=&#8221;font-637337&#8243; font_weight=&#8221;400&#8243; letter_spacing=&#8221;fontspace-210350&#8243; icon_position=&#8221;right&#8221; icon=&#8221;fa fa-arrow-right2&#8243; uncode_shortcode_id=&#8221;187300&#8243; button_color_type=&#8221;uncode-solid&#8221; button_color_solid=&#8221;#303133&#8243; el_class=&#8221;distributor popmake-105704&#8243; link=&#8221;target:_blank|&#8221;]Prenota[\/vc_button][\/vc_column][\/vc_row][vc_row row_height_percent=&#8221;0&#8243; override_padding=&#8221;yes&#8221; h_padding=&#8221;2&#8243; top_padding=&#8221;2&#8243; bottom_padding=&#8221;2&#8243; back_image=&#8221;106122&#8243; back_repeat=&#8221;no-repeat&#8221; back_position=&#8221;right bottom&#8221; overlay_alpha=&#8221;50&#8243; gutter_size=&#8221;3&#8243; column_width_percent=&#8221;100&#8243; shift_y=&#8221;0&#8243; z_index=&#8221;0&#8243; top_divider=&#8221;step_2_3&#8243; desktop_visibility=&#8221;yes&#8221; medium_visibility=&#8221;yes&#8221; mobile_visibility=&#8221;yes&#8221; uncode_shortcode_id=&#8221;131408&#8243; back_color_type=&#8221;uncode-solid&#8221; back_size=&#8221;20%&#8221; el_class=&#8221;coquillages&#8221; back_color_solid=&#8221;#ff0000&#8243;][vc_column column_width_percent=&#8221;100&#8243; position_vertical=&#8221;middle&#8221; align_horizontal=&#8221;align_center&#8221; gutter_size=&#8221;4&#8243; style=&#8221;dark&#8221; overlay_alpha=&#8221;50&#8243; shift_x=&#8221;0&#8243; shift_y=&#8221;0&#8243; shift_y_down=&#8221;0&#8243; z_index=&#8221;0&#8243; medium_width=&#8221;0&#8243; mobile_width=&#8221;0&#8243; width=&#8221;1\/2&#8243; uncode_shortcode_id=&#8221;127343&#8243;][vc_single_image media=&#8221;106244&#8243; media_width_percent=&#8221;100&#8243; uncode_shortcode_id=&#8221;101900&#8243;][\/vc_column][vc_column column_width_percent=&#8221;100&#8243; gutter_size=&#8221;3&#8243; overlay_alpha=&#8221;50&#8243; shift_x=&#8221;0&#8243; shift_y=&#8221;0&#8243; shift_y_down=&#8221;0&#8243; z_index=&#8221;0&#8243; medium_width=&#8221;0&#8243; mobile_width=&#8221;0&#8243; width=&#8221;1\/2&#8243; uncode_shortcode_id=&#8221;340896&#8243;][vc_empty_space empty_h=&#8221;5&#8243;][vc_custom_heading heading_semantic=&#8221;h1&#8243; text_font=&#8221;font-149566&#8243; text_size=&#8221;fontsize-225588&#8243; text_weight=&#8221;400&#8243; text_space=&#8221;fontspace-210350&#8243; sub_lead=&#8221;yes&#8221; sub_reduced=&#8221;yes&#8221; uncode_shortcode_id=&#8221;331598&#8243; text_color_type=&#8221;uncode-solid&#8221; text_color_solid=&#8221;#271c1a&#8221;]PACKAGE GOURMAND[\/vc_custom_heading][vc_empty_space empty_h=&#8221;1&#8243;][vc_custom_heading heading_semantic=&#8221;h3&#8243; text_font=&#8221;font-149566&#8243; text_size=&#8221;fontsize-146109&#8243; text_weight=&#8221;400&#8243; sub_lead=&#8221;yes&#8221; sub_reduced=&#8221;yes&#8221; desktop_visibility=&#8221;yes&#8221; medium_visibility=&#8221;yes&#8221; mobile_visibility=&#8221;yes&#8221; uncode_shortcode_id=&#8221;187033&#8243; text_color_type=&#8221;uncode-solid&#8221; text_color_solid=&#8221;#271c1a&#8221;]484 \u20ac pour 2 Personnes[\/vc_custom_heading][vc_empty_space empty_h=&#8221;1&#8243;][vc_custom_heading heading_semantic=&#8221;p&#8221; text_font=&#8221;font-637337&#8243; text_size=&#8221;fontsize-909951&#8243; text_weight=&#8221;400&#8243; text_height=&#8221;fontheight-157562&#8243; text_space=&#8221;fontspace-784970&#8243; sub_lead=&#8221;yes&#8221; sub_reduced=&#8221;yes&#8221; uncode_shortcode_id=&#8221;113405&#8243; text_color_type=&#8221;uncode-solid&#8221; text_color_solid=&#8221;#271c1a&#8221;]Ce package gourmand est valable uniquement pour 2 personnes.<br \/>\nIl vous invitera \u00e0 allier loisir et plaisir gustatifs.<br \/>\nIl inclut une nuit, un d\u00eener dans notre restaurant bistronomique et le petit d\u00e9jeuner.<br \/>\nNotre Chef Fred Grava travaille sa carte comme un bistro de mer. D\u00e9couvrez son originalit\u00e9 culinaire et d\u00e9lectez-vous de ses diff\u00e9rentes saveurs.[\/vc_custom_heading][vc_empty_space empty_h=&#8221;1&#8243;][vc_button size=&#8221;link&#8221; btn_link_size=&#8221;fontsize-909951&#8243; custom_typo=&#8221;yes&#8221; font_family=&#8221;font-637337&#8243; font_weight=&#8221;400&#8243; letter_spacing=&#8221;fontspace-210350&#8243; icon_position=&#8221;right&#8221; icon=&#8221;fa fa-arrow-right2&#8243; uncode_shortcode_id=&#8221;398726&#8243; button_color_type=&#8221;uncode-solid&#8221; button_color_solid=&#8221;#303133&#8243; el_class=&#8221;distributor popmake-105704&#8243; link=&#8221;target:_blank|&#8221;]R\u00e9server[\/vc_button][\/vc_column][\/vc_row][vc_row row_height_percent=&#8221;0&#8243; override_padding=&#8221;yes&#8221; h_padding=&#8221;2&#8243; top_padding=&#8221;2&#8243; bottom_padding=&#8221;2&#8243; overlay_alpha=&#8221;50&#8243; gutter_size=&#8221;3&#8243; column_width_percent=&#8221;100&#8243; shift_y=&#8221;0&#8243; z_index=&#8221;0&#8243; top_divider=&#8221;step_2_3&#8243; desktop_visibility=&#8221;yes&#8221; medium_visibility=&#8221;yes&#8221; mobile_visibility=&#8221;yes&#8221; uncode_shortcode_id=&#8221;113346&#8243; back_color_type=&#8221;uncode-solid&#8221; back_color_solid=&#8221;#ff0000&#8243;][vc_column column_width_percent=&#8221;100&#8243; position_vertical=&#8221;middle&#8221; align_horizontal=&#8221;align_center&#8221; gutter_size=&#8221;4&#8243; style=&#8221;dark&#8221; overlay_alpha=&#8221;50&#8243; shift_x=&#8221;0&#8243; shift_y=&#8221;0&#8243; shift_y_down=&#8221;0&#8243; z_index=&#8221;0&#8243; medium_width=&#8221;0&#8243; mobile_width=&#8221;0&#8243; width=&#8221;1\/2&#8243; uncode_shortcode_id=&#8221;109862&#8243;][vc_single_image media=&#8221;107943&#8243; media_width_percent=&#8221;100&#8243; uncode_shortcode_id=&#8221;707685&#8243;][\/vc_column][vc_column column_width_percent=&#8221;100&#8243; gutter_size=&#8221;3&#8243; overlay_alpha=&#8221;50&#8243; shift_x=&#8221;0&#8243; shift_y=&#8221;0&#8243; shift_y_down=&#8221;0&#8243; z_index=&#8221;0&#8243; medium_width=&#8221;0&#8243; mobile_width=&#8221;0&#8243; width=&#8221;1\/2&#8243; uncode_shortcode_id=&#8221;339413&#8243;][vc_empty_space empty_h=&#8221;5&#8243;][vc_custom_heading heading_semantic=&#8221;h1&#8243; text_font=&#8221;font-149566&#8243; text_size=&#8221;fontsize-225588&#8243; text_weight=&#8221;400&#8243; text_space=&#8221;fontspace-210350&#8243; sub_lead=&#8221;yes&#8221; sub_reduced=&#8221;yes&#8221; uncode_shortcode_id=&#8221;281574&#8243; text_color_type=&#8221;uncode-solid&#8221; text_color_solid=&#8221;#271c1a&#8221;]PACKAGE BIEN-\u00caTRE[\/vc_custom_heading][vc_empty_space empty_h=&#8221;1&#8243;][vc_custom_heading heading_semantic=&#8221;h3&#8243; text_font=&#8221;font-149566&#8243; text_size=&#8221;fontsize-146109&#8243; text_weight=&#8221;400&#8243; sub_lead=&#8221;yes&#8221; sub_reduced=&#8221;yes&#8221; desktop_visibility=&#8221;yes&#8221; medium_visibility=&#8221;yes&#8221; mobile_visibility=&#8221;yes&#8221; uncode_shortcode_id=&#8221;748597&#8243; text_color_type=&#8221;uncode-solid&#8221; text_color_solid=&#8221;#271c1a&#8221;]484 \u20ac pour 2 Personnes[\/vc_custom_heading][vc_empty_space empty_h=&#8221;1&#8243;][vc_custom_heading heading_semantic=&#8221;p&#8221; text_font=&#8221;font-637337&#8243; text_size=&#8221;fontsize-909951&#8243; text_weight=&#8221;400&#8243; text_height=&#8221;fontheight-157562&#8243; text_space=&#8221;fontspace-784970&#8243; sub_lead=&#8221;yes&#8221; sub_reduced=&#8221;yes&#8221; uncode_shortcode_id=&#8221;169864&#8243; text_color_type=&#8221;uncode-solid&#8221; text_color_solid=&#8221;#271c1a&#8221;]Ce package est valable uniquement pour 2 personnes.<br \/>\nV\u00e9ritable ode \u00e0 la d\u00e9tente, il inclut la nuit\u00e9e, le petit d\u00e9jeuner, une heure d&#8217;acc\u00e8s au bain turc pour deux ainsi qu&#8217;un soin relaxant pour deux personnes.[\/vc_custom_heading][vc_empty_space empty_h=&#8221;1&#8243;][vc_button size=&#8221;link&#8221; btn_link_size=&#8221;fontsize-909951&#8243; custom_typo=&#8221;yes&#8221; font_family=&#8221;font-637337&#8243; font_weight=&#8221;400&#8243; letter_spacing=&#8221;fontspace-210350&#8243; icon_position=&#8221;right&#8221; icon=&#8221;fa fa-arrow-right2&#8243; uncode_shortcode_id=&#8221;173855&#8243; button_color_type=&#8221;uncode-solid&#8221; button_color_solid=&#8221;#303133&#8243; el_class=&#8221;distributor popmake-105704&#8243; link=&#8221;target:_blank|&#8221;]R\u00e9server[\/vc_button][\/vc_column][\/vc_row]<\/p>\n<\/div>","protected":false},"excerpt":{"rendered":"<p>[vc_row row_height_percent=&#8221;0&#8243; override_padding=&#8221;yes&#8221; h_padding=&#8221;2&#8243; top_padding=&#8221;2&#8243; bottom_padding=&#8221;2&#8243; overlay_alpha=&#8221;50&#8243; gutter_size=&#8221;3&#8243; column_width_percent=&#8221;100&#8243; shift_y=&#8221;0&#8243; z_index=&#8221;0&#8243; top_divider=&#8221;step_2_3&#8243; uncode_shortcode_id=&#8221;150042&#8243; back_color_type=&#8221;uncode-solid&#8221; back_color_solid=&#8221;#fbf3e0&#8243;][vc_column column_width_percent=&#8221;100&#8243; position_vertical=&#8221;middle&#8221; align_horizontal=&#8221;align_center&#8221; gutter_size=&#8221;4&#8243; style=&#8221;dark&#8221; [&hellip;]<\/p>\n","protected":false},"author":1,"featured_media":0,"parent":0,"menu_order":0,"comment_status":"closed","ping_status":"closed","template":"","meta":{"footnotes":""},"class_list":["post-107940","page","type-page","status-publish","hentry"],"aioseo_notices":[],"_links":{"self":[{"href":"https:\/\/sondemar.fr\/it\/wp-json\/wp\/v2\/pages\/107940","targetHints":{"allow":["GET"]}}],"collection":[{"href":"https:\/\/sondemar.fr\/it\/wp-json\/wp\/v2\/pages"}],"about":[{"href":"https:\/\/sondemar.fr\/it\/wp-json\/wp\/v2\/types\/page"}],"author":[{"embeddable":true,"href":"https:\/\/sondemar.fr\/it\/wp-json\/wp\/v2\/users\/1"}],"replies":[{"embeddable":true,"href":"https:\/\/sondemar.fr\/it\/wp-json\/wp\/v2\/comments?post=107940"}],"version-history":[{"count":10,"href":"https:\/\/sondemar.fr\/it\/wp-json\/wp\/v2\/pages\/107940\/revisions"}],"predecessor-version":[{"id":108974,"href":"https:\/\/sondemar.fr\/it\/wp-json\/wp\/v2\/pages\/107940\/revisions\/108974"}],"wp:attachment":[{"href":"https:\/\/sondemar.fr\/it\/wp-json\/wp\/v2\/media?parent=107940"}],"curies":[{"name":"wp","href":"https:\/\/api.w.org\/{rel}","templated":true}]}}