{"id":104913,"date":"2022-05-29T17:06:05","date_gmt":"2022-05-29T15:06:05","guid":{"rendered":"https:\/\/sondemar.fr\/?page_id=104913"},"modified":"2023-03-10T17:54:46","modified_gmt":"2023-03-10T16:54:46","slug":"events-saint-cyprien-porto-vecchio","status":"publish","type":"page","link":"https:\/\/sondemar.fr\/en\/events-saint-cyprien-porto-vecchio\/","title":{"rendered":"Events Saint Cyprien Porto-Vecchio"},"content":{"rendered":"<div class=\"wpb-content-wrapper\"><p>[vc_row row_height_percent=&#8221;0&#8243; override_padding=&#8221;yes&#8221; h_padding=&#8221;2&#8243; top_padding=&#8221;2&#8243; bottom_padding=&#8221;2&#8243; overlay_alpha=&#8221;50&#8243; gutter_size=&#8221;3&#8243; column_width_percent=&#8221;100&#8243; shift_y=&#8221;0&#8243; z_index=&#8221;0&#8243; top_divider=&#8221;step_2_3&#8243; uncode_shortcode_id=&#8221;669170&#8243; back_color_type=&#8221;uncode-solid&#8221; back_color_solid=&#8221;#fbf3e0&#8243;][vc_column column_width_percent=&#8221;100&#8243; position_vertical=&#8221;middle&#8221; align_horizontal=&#8221;align_center&#8221; gutter_size=&#8221;4&#8243; style=&#8221;dark&#8221; overlay_alpha=&#8221;50&#8243; shift_x=&#8221;0&#8243; shift_y=&#8221;0&#8243; shift_y_down=&#8221;0&#8243; z_index=&#8221;0&#8243; medium_width=&#8221;0&#8243; mobile_width=&#8221;0&#8243; width=&#8221;1\/1&#8243; uncode_shortcode_id=&#8221;668320&#8243;][vc_custom_heading heading_semantic=&#8221;h1&#8243; text_font=&#8221;font-149566&#8243; text_size=&#8221;fontsize-338686&#8243; text_weight=&#8221;400&#8243; text_space=&#8221;fontspace-210350&#8243; uncode_shortcode_id=&#8221;501297&#8243; text_color_type=&#8221;uncode-solid&#8221; text_color_solid=&#8221;#271c1a&#8221;]EVENTS[\/vc_custom_heading][\/vc_column][\/vc_row][vc_row row_height_percent=&#8221;80&#8243; override_padding=&#8221;yes&#8221; h_padding=&#8221;2&#8243; top_padding=&#8221;2&#8243; bottom_padding=&#8221;2&#8243; back_image=&#8221;105972&#8243; overlay_alpha=&#8221;50&#8243; gutter_size=&#8221;3&#8243; column_width_percent=&#8221;100&#8243; shift_y=&#8221;0&#8243; z_index=&#8221;0&#8243; top_divider=&#8221;step_2_3&#8243; uncode_shortcode_id=&#8221;166051&#8243; back_color_type=&#8221;uncode-solid&#8221; back_color_solid=&#8221;#fef3e1&#8243; row_height_pixel=&#8221;250&#8243;][vc_column column_width_percent=&#8221;100&#8243; position_vertical=&#8221;middle&#8221; align_horizontal=&#8221;align_center&#8221; gutter_size=&#8221;4&#8243; style=&#8221;dark&#8221; overlay_alpha=&#8221;50&#8243; shift_x=&#8221;0&#8243; shift_y=&#8221;0&#8243; shift_y_down=&#8221;0&#8243; z_index=&#8221;0&#8243; medium_width=&#8221;0&#8243; mobile_width=&#8221;0&#8243; css_animation=&#8221;right-t-left&#8221; animation_speed=&#8221;1000&#8243; width=&#8221;1\/1&#8243; uncode_shortcode_id=&#8221;133599&#8243;][\/vc_column][\/vc_row][vc_row row_height_percent=&#8221;0&#8243; override_padding=&#8221;yes&#8221; h_padding=&#8221;2&#8243; top_padding=&#8221;4&#8243; bottom_padding=&#8221;4&#8243; back_image=&#8221;106123&#8243; back_repeat=&#8221;no-repeat&#8221; back_position=&#8221;right top&#8221; overlay_alpha=&#8221;50&#8243; gutter_size=&#8221;3&#8243; column_width_percent=&#8221;100&#8243; shift_y=&#8221;0&#8243; z_index=&#8221;0&#8243; top_divider=&#8221;step_2_3&#8243; uncode_shortcode_id=&#8221;887221&#8243; back_color_type=&#8221;uncode-solid&#8221; back_size=&#8221;20%&#8221; el_class=&#8221;coquillages&#8221;][vc_column column_width_percent=&#8221;100&#8243; position_vertical=&#8221;middle&#8221; align_horizontal=&#8221;align_center&#8221; gutter_size=&#8221;4&#8243; style=&#8221;dark&#8221; overlay_alpha=&#8221;50&#8243; shift_x=&#8221;0&#8243; shift_y=&#8221;0&#8243; shift_y_down=&#8221;0&#8243; z_index=&#8221;0&#8243; medium_width=&#8221;0&#8243; mobile_width=&#8221;0&#8243; width=&#8221;1\/1&#8243; uncode_shortcode_id=&#8221;671943&#8243;][vc_row_inner row_inner_height_percent=&#8221;0&#8243; overlay_alpha=&#8221;50&#8243; gutter_size=&#8221;3&#8243; shift_y=&#8221;0&#8243; z_index=&#8221;2&#8243; limit_content=&#8221;&#8221; uncode_shortcode_id=&#8221;188207&#8243; css=&#8221;.vc_custom_1677782391974{margin-top: 0px !important;}&#8221;][vc_column_inner column_width_percent=&#8221;100&#8243; position_horizontal=&#8221;right&#8221; align_horizontal=&#8221;align_right&#8221; gutter_size=&#8221;1&#8243; overlay_alpha=&#8221;50&#8243; shift_x=&#8221;0&#8243; shift_y=&#8221;0&#8243; shift_y_down=&#8221;0&#8243; z_index=&#8221;3&#8243; medium_width=&#8221;0&#8243; mobile_width=&#8221;0&#8243; width=&#8221;1\/2&#8243; uncode_shortcode_id=&#8221;143544&#8243;][vc_single_image media=&#8221;105975&#8243; media_width_percent=&#8221;90&#8243; uncode_shortcode_id=&#8221;150317&#8243;][\/vc_column_inner][vc_column_inner column_width_percent=&#8221;90&#8243; position_horizontal=&#8221;left&#8221; gutter_size=&#8221;3&#8243; overlay_alpha=&#8221;50&#8243; shift_x=&#8221;0&#8243; shift_y=&#8221;0&#8243; shift_y_down=&#8221;0&#8243; z_index=&#8221;0&#8243; medium_width=&#8221;0&#8243; mobile_width=&#8221;0&#8243; width=&#8221;1\/2&#8243; uncode_shortcode_id=&#8221;582079&#8243;][vc_empty_space empty_h=&#8221;4&#8243;][vc_custom_heading text_font=&#8221;font-149566&#8243; text_size=&#8221;fontsize-225588&#8243; text_weight=&#8221;400&#8243; text_space=&#8221;fontspace-210350&#8243; sub_lead=&#8221;yes&#8221; sub_reduced=&#8221;yes&#8221; uncode_shortcode_id=&#8221;123702&#8243; text_color_type=&#8221;uncode-solid&#8221; text_color_solid=&#8221;#271c1a&#8221;]YOUR MEETINGS<br \/>\nIN SAN CIPRIANU[\/vc_custom_heading][vc_empty_space empty_h=&#8221;2&#8243;][vc_custom_heading heading_semantic=&#8221;h3&#8243; text_font=&#8221;font-149566&#8243; text_size=&#8221;fontsize-146109&#8243; text_weight=&#8221;400&#8243; text_height=&#8221;fontheight-179065&#8243; text_italic=&#8221;yes&#8221; uncode_shortcode_id=&#8221;759260&#8243; text_color_type=&#8221;uncode-solid&#8221; text_color_solid=&#8221;#271c1a&#8221;]Our seminar room can accommodate 20 to 30 people, just a few steps from the beach of San Ciprianu.[\/vc_custom_heading][vc_empty_space empty_h=&#8221;1&#8243;][vc_custom_heading heading_semantic=&#8221;p&#8221; text_font=&#8221;font-637337&#8243; text_size=&#8221;fontsize-909951&#8243; text_weight=&#8221;400&#8243; text_height=&#8221;fontheight-157562&#8243; text_space=&#8221;fontspace-784970&#8243; uncode_shortcode_id=&#8221;123451&#8243; text_color_type=&#8221;uncode-solid&#8221; text_color_solid=&#8221;#271c1a&#8221;]Neat decoration, recent equipment and tailor-made service will allow you to orchestrate your professional event in the best conditions.[\/vc_custom_heading][vc_empty_space empty_h=&#8221;2&#8243;][vc_custom_heading heading_semantic=&#8221;p&#8221; text_font=&#8221;font-637337&#8243; text_size=&#8221;fontsize-909951&#8243; text_weight=&#8221;400&#8243; text_height=&#8221;fontheight-157562&#8243; text_space=&#8221;fontspace-784970&#8243; uncode_shortcode_id=&#8221;160441&#8243; text_color_type=&#8221;uncode-solid&#8221; text_color_solid=&#8221;#271c1a&#8221;]D\u00e9coration soign\u00e9e, \u00e9quipements r\u00e9cents et service sur-mesure vous permettront d\u2019orchestrer votre \u00e9v\u00e9nement professionnel dans les meilleures conditions.[\/vc_custom_heading][vc_empty_space empty_h=&#8221;2&#8243;][vc_button size=&#8221;link&#8221; btn_link_size=&#8221;fontsize-909951&#8243; custom_typo=&#8221;yes&#8221; font_family=&#8221;font-637337&#8243; font_weight=&#8221;400&#8243; letter_spacing=&#8221;fontspace-210350&#8243; icon_position=&#8221;right&#8221; icon=&#8221;fa fa-arrow-right2&#8243; uncode_shortcode_id=&#8221;153763&#8243; button_color_type=&#8221;uncode-solid&#8221; button_color_solid=&#8221;#271c1a&#8221; link=&#8221;title:Contact%20Son%20de%20Mar%20H%C3%B4tel%20%26%20Spa%20Saint%20Cyprien&#8221; el_class=&#8221;popmake-106381&#8243;]Book now[\/vc_button][\/vc_column_inner][\/vc_row_inner][\/vc_column][\/vc_row]<\/p>\n<\/div>","protected":false},"excerpt":{"rendered":"<p>[vc_row row_height_percent=&#8221;0&#8243; override_padding=&#8221;yes&#8221; h_padding=&#8221;2&#8243; top_padding=&#8221;2&#8243; bottom_padding=&#8221;2&#8243; overlay_alpha=&#8221;50&#8243; gutter_size=&#8221;3&#8243; column_width_percent=&#8221;100&#8243; shift_y=&#8221;0&#8243; z_index=&#8221;0&#8243; top_divider=&#8221;step_2_3&#8243; uncode_shortcode_id=&#8221;669170&#8243; back_color_type=&#8221;uncode-solid&#8221; back_color_solid=&#8221;#fbf3e0&#8243;][vc_column column_width_percent=&#8221;100&#8243; position_vertical=&#8221;middle&#8221; align_horizontal=&#8221;align_center&#8221; gutter_size=&#8221;4&#8243; style=&#8221;dark&#8221; [&hellip;]<\/p>\n","protected":false},"author":1,"featured_media":0,"parent":0,"menu_order":0,"comment_status":"closed","ping_status":"closed","template":"","meta":{"footnotes":""},"class_list":["post-104913","page","type-page","status-publish","hentry"],"aioseo_notices":[],"_links":{"self":[{"href":"https:\/\/sondemar.fr\/en\/wp-json\/wp\/v2\/pages\/104913","targetHints":{"allow":["GET"]}}],"collection":[{"href":"https:\/\/sondemar.fr\/en\/wp-json\/wp\/v2\/pages"}],"about":[{"href":"https:\/\/sondemar.fr\/en\/wp-json\/wp\/v2\/types\/page"}],"author":[{"embeddable":true,"href":"https:\/\/sondemar.fr\/en\/wp-json\/wp\/v2\/users\/1"}],"replies":[{"embeddable":true,"href":"https:\/\/sondemar.fr\/en\/wp-json\/wp\/v2\/comments?post=104913"}],"version-history":[{"count":17,"href":"https:\/\/sondemar.fr\/en\/wp-json\/wp\/v2\/pages\/104913\/revisions"}],"predecessor-version":[{"id":106383,"href":"https:\/\/sondemar.fr\/en\/wp-json\/wp\/v2\/pages\/104913\/revisions\/106383"}],"wp:attachment":[{"href":"https:\/\/sondemar.fr\/en\/wp-json\/wp\/v2\/media?parent=104913"}],"curies":[{"name":"wp","href":"https:\/\/api.w.org\/{rel}","templated":true}]}}