{"id":104644,"date":"2022-02-28T11:17:20","date_gmt":"2022-02-28T10:17:20","guid":{"rendered":"https:\/\/sondemar.fr\/privacy-policy\/"},"modified":"2024-05-07T16:09:48","modified_gmt":"2024-05-07T14:09:48","slug":"privacy-policy","status":"publish","type":"page","link":"https:\/\/sondemar.fr\/en\/privacy-policy\/","title":{"rendered":"Privacy policy"},"content":{"rendered":"<div class=\"wpb-content-wrapper\"><p>[vc_row][vc_column width=&#8221;1\/1&#8243;][vc_custom_heading text_font=&#8221;font-372420&#8243; text_size=&#8221;fontsize-155944&#8243; text_weight=&#8221;200&#8243; text_transform=&#8221;uppercase&#8221; text_space=&#8221;fontspace-784970&#8243; uncode_shortcode_id=&#8221;274779&#8243;]<span style=\"color: #271c1a;\">Privacy policy<\/span>[\/vc_custom_heading][vc_column_text uncode_shortcode_id=&#8221;169410&#8243;]<\/p>\n<h4><span style=\"color: #271c1a;\"><strong>Introduction <\/strong><\/span><\/h4>\n<p><span style=\"color: #271c1a;\">In the context of the use of its services and in particular the services accessible on its website, its mobile site, its online store and its mobile applications, SON DE MAR, as data controller, is likely to collect and process personal data concerning you.<\/span><\/p>\n<p><span style=\"color: #271c1a;\">We are committed to respecting the rules for protecting the privacy of prospects and visitors to our sites: website, mobile site, online store and mobile applications. All the processing of personal data implemented within the framework of the accessible services complies with the local regulations applicable to the protection of personal data and in particular the provisions of the law &#8220;Informatique et Libert\u00e9s&#8221; of January 6, 1978 as amended and the General Regulations on Data Protection (EU Regulation 2016\/679) or &#8220;GDPR&#8221;.<\/span><\/p>\n<p><span style=\"color: #271c1a;\"><strong>1 &#8211; WHAT ARE OUR COMMITMENTS IN TERMS OF PROTECTION OF PERSONAL DATA?<\/strong><\/span><\/p>\n<p><span style=\"color: #271c1a;\">SON DE MAR undertakes to guarantee a high level of protection of the personal data of its customers, prospects, users of its sites: website, mobile site, online store and mobile applications and of any other person whose personal data it processes.<\/span><\/p>\n<p><span style=\"color: #271c1a;\">SON DE MAR undertakes to comply with the regulations applicable to all the processing of personal data that it implements:<\/span><\/p>\n<ul>\n<li><span style=\"color: #271c1a;\">Your personal data is processed in a lawful, fair and transparent manner;<\/span><\/li>\n<li><span style=\"color: #271c1a;\">Your personal data is collected for specified, explicit and legitimate purposes, and is not further processed in a manner incompatible with these purposes;<\/span><\/li>\n<li><span style=\"color: #271c1a;\">Your personal data is stored in an adequate, relevant manner and is limited to what is necessary in relation to the purposes for which it is processed;<\/span><\/li>\n<li><span style=\"color: #271c1a;\">Vos donn\u00e9es personnelles sont exactes, tenues \u00e0 jour et toutes les mesures raisonnables sont prises pour que les donn\u00e9es inexactes, eu \u00e9gard aux finalit\u00e9s pour lesquelles elles sont trait\u00e9es, soient effac\u00e9es ou rectifi\u00e9es sans tarder.<\/span><\/li>\n<\/ul>\n<p><span style=\"color: #271c1a;\">SON DE MAR implements the appropriate technical and organizational measures to guarantee a level of security adapted to the inherent risk of its processing operations, comply with regulatory requirements and protect the rights and data of the persons concerned when designing processing operations. .<\/span><\/p>\n<p><span style=\"color: #271c1a;\">In addition, SON DE MAR contractually imposes the same level of protection of personal data on its subcontractors (service providers, suppliers, etc.).<\/span><\/p>\n<p>&nbsp;<\/p>\n<p><span style=\"color: #271c1a;\"><strong>2 &#8211; WHAT PERSONAL DATA DO WE COLLECT?<\/strong><\/span><\/p>\n<p><span style=\"color: #271c1a;\"><strong>A &#8211; Depending on the purpose of the collection<\/strong><\/span><\/p>\n<p><span style=\"color: #271c1a;\">The personal data we collect varies depending on the purpose of the collection and the Service we provide to you.<\/span><\/p>\n<p><span style=\"color: #271c1a;\">Generally, we may directly collect the following categories of personal data:<\/span><\/p>\n<ol>\n<li><span style=\"color: #271c1a;\">a) personal contact details, such as your surname, first name, e-mail address, postal address and telephone number(s);<\/span><\/li>\n<li><span style=\"color: #271c1a;\">b) the identifiers used to access your online account, namely the user name and the password. This is necessary for us to create a personal user account;<\/span><\/li>\n<li><span style=\"color: #271c1a;\">c) exchanges with us, which may include details of conversations through chat, customer service;<\/span><\/li>\n<li><span style=\"color: #271c1a;\">d) demographic information, such as your age, gender and lifestyle preferences (including your favorite products and your interest in them);<\/span><\/li>\n<li><span style=\"color: #271c1a;\">e) browsing history, such as the pages visited, the date of the visit, the location during the visit, or the IP address;<\/span><\/li>\n<li><span style=\"color: #271c1a;\">f) payment information when a purchase or reservation is made on one of our sites, online stores, or one of our applications. Generally the invoice is issued in your name, your billing address and payment data such as your credit card or bank account;<\/span><\/li>\n<\/ol>\n<p><span style=\"color: #271c1a;\">We may also collect personal data about you indirectly when you share content on social networks, websites, stores or applications relating to our products and services, or responding to our posts and promotional announcements on social networks.<\/span><\/p>\n<p><span style=\"color: #271c1a;\"><strong>B &#8211; Personal data concerning minors<\/strong><\/span><\/p>\n<p><span style=\"color: #271c1a;\">SON DE MAR does not collect or process personal data relating to children under 18 without the prior consent of the parents or holders of parental responsibility for the child.<\/span><\/p>\n<p><span style=\"color: #271c1a;\">If personal data concerning children is collected via our sites: website, mobile site, online store and mobile applications, the parents or holders of the exercise of parental authority have the possibility of opposing it by contacting us. at the address given at the bottom of this page.<\/span><\/p>\n<p><span style=\"color: #271c1a;\"><strong>3 &#8211; HOW ARE PERSONAL DATA COLLECTED?<\/strong><\/span><\/p>\n<p><span style=\"color: #271c1a;\"><strong>A &#8211; Means of collecting your data<\/strong><\/span><\/p>\n<p><span style=\"color: #271c1a;\">In the context of our relations, you are likely to communicate your personal data to us by various means and in particular on our sites: website, mobile site, online store and mobile applications during your Internet browsing, purchases, reservations, by completing the various collection forms, when subscribing to the e-newsletter, when creating an account, when you submit an application, when you post comments on our social network pages, when you establish any contact with our establishment or when you otherwise provide us with your personal data.<\/span><\/p>\n<p><span style=\"color: #271c1a;\"><strong>B &#8211; IP address<\/strong><\/span><\/p>\n<p><span style=\"color: #271c1a;\">The IP address is a series of numbers that is automatically assigned to your computer by your internet service provider each time you connect. With each of your requests on the site, our servers record the trace of your passage. We collect IP addresses for the purpose of analyzing trends on the site. We do not transmit any information that identifies you, which means that your session will be recorded, but will remain anonymous to us. We may use your IP address in cooperation with your internet service provider to identify you in the event that we should apply the terms of use to protect our services, customers or to comply with applicable laws.<\/span><\/p>\n<p><span style=\"color: #271c1a;\"><strong>C-Cookies<\/strong><\/span><\/p>\n<p><span style=\"color: #271c1a;\">In order to constantly improve the quality of the services offered on our sites: website, mobile site, online store and mobile application and their adequacy with your expectations, SON DE MAR may use &#8220;cookies&#8221;, text files used to identify your terminal when you connect to one of our services. The deposit of cookies or tracers in your terminal (computer, tablet, smartphone, etc.) allows SON DE MAR to collect information and personal data, according to your choice of configuration of your terminal.<\/span><\/p>\n<p><span style=\"color: #271c1a;\"><strong>Types of cookies used:<\/strong><\/span><\/p>\n<ol>\n<li><span style=\"color: #271c1a;\">a) Cookies essential to the use of the site. They allow you to use the main functionalities of the site, such as the purchase or reservation of services for example. By disabling the use of cookies, you will no longer be able to benefit from these features. The information stored cannot be used for commercial purposes.<\/span><\/li>\n<li><span style=\"color: #271c1a;\">b) Website performance cookies. Performance cookies allow us to optimize our website and detect any technical problems you may encounter. They allow us to collect information on how you use the site, in particular the number of visits per page, the number of error messages displayed, the time spent on a page, or the number of clicks on an area of \u200b\u200bthe website. The information stored cannot be used for commercial purposes.<\/span><\/li>\n<li><span style=\"color: #271c1a;\">c) Functionality cookies. These cookies allow the website to remember the choices you have made (such as your user name, the language chosen or the region where you are located) and provide more precise and personal characteristics. These cookies can also be used to remember changes made by the user, such as text size or font. They may also be used to provide services you have requested, such as watching a video or leaving a comment on a blog. The information collected by these cookies may be anonymized and cannot track your browsing activity on other websites. By using our website, you agree to receive these types of cookies on your device.<\/span><\/li>\n<li><span style=\"color: #271c1a;\">d) Advertising marketing cookies. These cookies collect information about your internet browsing habits in order to provide you with advertisements that are tailored to you and match your areas of interest. They also help limit the number of times you see an advertisement and help us assess the effectiveness of our advertising campaigns. They are usually installed by advertising networks with the permission of the website operator. They memorize the visits made to a site and share this information with other companies (advertisers for example). Targeted or advertising cookies are often linked to site functionality provided by the partner company. The information is collected and shared with third parties to provide audience targeting and optimization solutions for advertisers and publishers. No personal data is collected and an individual cannot be identified through the data collected.<\/span><\/li>\n<li><span style=\"color: #271c1a;\">e) Cookies from third-party websites and social networks Our website contains links and\/or content to other websites and social networks, and we do not know which cookies are used by them. To find out more, please consult the information provided by these third-party sites and social networks on their own cookies.<\/span><\/li>\n<\/ol>\n<p><span style=\"color: #271c1a;\"><strong>D &#8211; Respect for your privacy<\/strong><\/span><\/p>\n<p><span style=\"color: #271c1a;\">We are committed to protecting your privacy and respect the following 2 principles.<\/span><\/p>\n<p><span style=\"color: #271c1a;\">&#8211; We do not associate any information with your cookies that can identify you directly and personally. Cookies do not in any way allow us to know your address, your date of birth, your telephone number or any other information allowing you to be identified.<\/span><\/p>\n<p><span style=\"color: #271c1a;\">&#8211; We do not provide any personal information to advertisers or third-party sites that display our interest-based ads.<\/span><\/p>\n<p><span style=\"color: #271c1a;\">If your computer or mobile is used by several people, or if it has several navigation software, it is possible that the content displayed to other users corresponds to your preferences. If you wish, you can change your browser settings.<\/span><\/p>\n<p><span style=\"color: #271c1a;\">For more information on how cookies and targeted advertising work, you can consult the CNIL website : <a style=\"color: #271c1a;\" href=\"https:\/\/www.cnil.fr\/fr\/cookies-les-outils-pour-les-maitriser\">https:\/\/www.cnil.fr\/fr\/cookies-les-outils-pour-les-maitriser<\/a>.<\/span><\/p>\n<p><span style=\"color: #271c1a;\"><strong>E &#8211; Links to third-party sites<\/strong><\/span><\/p>\n<p><span style=\"color: #271c1a;\">Our sites: website, mobile site, online store and mobile applications may contain links redirecting to third-party websites.<\/span><\/p>\n<p><span style=\"color: #271c1a;\">We are not responsible for the collection, use, management, sharing or disclosure of data and information by these third parties.<\/span><\/p>\n<p><span style=\"color: #271c1a;\">The communication of information on third-party sites is governed by the confidentiality policy and the conditions of use of these sites. We recommend that you read the privacy policies of these websites before submitting any personal information.<\/span><\/p>\n<p><span style=\"color: #271c1a;\"><strong>4 &#8211; WHAT IS THE DATA THAT MAY BE COLLECTED FOR?<\/strong><\/span><\/p>\n<p><span style=\"color: #271c1a;\">Your data is mainly used for reservation and purchase purposes (provision of services, specific services and products), prospecting, loyalty, animation, commercial information, satisfaction surveys, organization of contests, new services and products intended for to improve your customer experience within our establishment, statistical studies, recruitment, after-sales service, processing of your requests and\/or complaints. In addition to the cases where your consent has been obtained (in particular to send you personalized offers), the processing of your data for the various purposes mentioned above is in particular necessary:<\/span><\/p>\n<ul>\n<li><span style=\"color: #271c1a;\">To ensure the performance of the service contract;<\/span><\/li>\n<li><span style=\"color: #271c1a;\">To comply with a legal obligation;<\/span><\/li>\n<li><span style=\"color: #271c1a;\">For the purposes of the legitimate interests pursued by our establishment (including developing new services and offers, improving customer service, etc.).<\/span><\/li>\n<\/ul>\n<p><span style=\"color: #271c1a;\">More specifically, your data is used:<\/span><\/p>\n<ul>\n<li><span style=\"color: #271c1a;\">To allow you to benefit from all the services or services available on our establishment&#8217;s website, its mobile site, its store and its mobile applications: creation of a user account, e-newsletter, management of reservations, assistance and complaints, management of loyalty programs, etc. ;<\/span><\/li>\n<li><span style=\"color: #271c1a;\">To allow you to browse our websites;<\/span><\/li>\n<li><span style=\"color: #271c1a;\">To best match our information, notices, offers and other forms of services to your interests;<\/span><\/li>\n<li><span style=\"color: #271c1a;\">To facilitate the completion of administrative formalities relating to the reservation and purchase.<\/span><\/li>\n<\/ul>\n<p>&nbsp;<\/p>\n<p><span style=\"color: #271c1a;\"><strong>5 &#8211; HOW LONG ARE YOUR DATA RETAINED?<\/strong><\/span><\/p>\n<p><span style=\"color: #271c1a;\">SON DE MAR undertakes to keep your personal data for a period not exceeding that necessary for the purposes for which they are processed.<\/span><\/p>\n<p><span style=\"color: #271c1a;\">The retention periods are defined according to the processing purposes implemented by SON DE MAR and take into account in particular the applicable legal provisions imposing a precise retention period for certain categories of data, any applicable limitation periods as well as the recommendations of the CNIL concerning certain categories of data processing.<\/span><\/p>\n<p><span style=\"color: #271c1a;\"><strong>6 &#8211; WHO IS LIKELY TO ACCESS YOUR PERSONAL DATA?<\/strong><\/span><\/p>\n<p><span style=\"color: #271c1a;\"><strong>A &#8211; Recipients of your data<\/strong><\/span><\/p>\n<p><span style=\"color: #271c1a;\">The data collected on our website, mobile site, online store and mobile applications may be communicated to our internal staff, or to its ancillary service providers (subcontractors, service providers, banks), as part of the performance of all or part of the services referred to above. We remind you that in this context, SON DE MAR asks its service providers to put in place strict confidentiality and protection measures for this data.<\/span><\/p>\n<p><span style=\"color: #271c1a;\"><strong>B &#8211; Transfers of data outside the European Union<\/strong><\/span><\/p>\n<p><span style=\"color: #271c1a;\">Personal data may be processed outside the European Economic Area (EEA). If this is the case, SON DE MAR will make every effort to ensure that this international transfer of data has an adequate level and guarantees of security.<\/span><\/p>\n<p><span style=\"color: #271c1a;\"><strong>7 &#8211; HOW TO EXERCISE YOUR RIGHTS?<\/strong><\/span><\/p>\n<p><span style=\"color: #271c1a;\">In accordance with the applicable regulations on the protection of personal data, you may, at any time, exercise your rights of access, rectification, deletion of data concerning you as well as your rights of limitation and opposition to the processing and the portability of your personal data.<\/span><\/p>\n<p><span style=\"color: #271c1a;\">In addition, you have the legal right to define directives relating to the fate of your personal data post mortem.<\/span><\/p>\n<p><span style=\"color: #271c1a;\">In addition, any minor at the time of the collection of their personal data can obtain their erasure as soon as possible.<\/span><\/p>\n<p><span style=\"color: #271c1a;\">These rights can be exercised by mail to the following address:<\/span><br \/>\n<span style=\"color: #271c1a;\">SAS PUMONTI &#8211; Boulevard Napol\u00e9on &#8211; San Ciprianu &#8211; 20137 Lecci<\/span><br \/>\n<span style=\"color: #271c1a;\"><a href=\"mailto:front@sondemar.fr\">front@sondemar.fr<\/a><\/span><\/p>\n<p><span style=\"color: #271c1a;\">In this context, we kindly ask you to accompany your request with the elements necessary for your identification (surname, first name, e-mail) as well as any other information necessary to confirm your identity. You also have a right of appeal to the Commission Nationale de l&#8217;Informatique et des Libert\u00e9s in the event of a violation of the applicable regulations on the protection of Personal Data and in particular the GDPR.<\/span><\/p>\n<p><span style=\"color: #271c1a;\"><strong>8 &#8211; COMPUTER SECURITY \/ SECURITY OF TRANSACTIONS<\/strong><\/span><\/p>\n<p><span style=\"color: #271c1a;\">Ensuring the security and confidentiality of the personal data that you entrust to us is a priority for SON DE MAR. We thus implement all useful technical and organizational measures, with regard to the nature, scope and context of the personal data that you communicate to us and the risks presented by their processing, to preserve the security of your personal data and, in particular, to prevent any destruction, loss, alteration, disclosure, intrusion or unauthorized access to this data, accidentally or unlawfully.<\/span><\/p>\n<p><span style=\"color: #271c1a;\">We offer you a secure online payment system using the latest technologies.<\/span><\/p>\n<p><span style=\"color: #271c1a;\">SON DE MAR strives to fight against identity theft practices on the Internet. This is the reason why we use, for example, a device for detecting fraudulent payments made by bank card. This device is intended to protect you in the event of loss or theft of your bank card.<\/span><\/p>\n<p><span style=\"color: #271c1a;\">The security and confidentiality of personal data are based on everyone&#8217;s best practices. This is the reason why we invite you not to communicate your passwords to third parties, to systematically disconnect from your profile and your social account (especially in the case of linked accounts) and to close your browser window. at the end of your work session, particularly if you access the Internet from a computer station shared with other people. This will prevent other users from accessing your personal information.<\/span><\/p>\n<p><span style=\"color: #271c1a;\"><strong>9 &#8211; CONTACT US<\/strong><\/span><\/p>\n<p><span style=\"color: #271c1a;\">For any additional questions relating to this policy or the way in which SON DE MAR processes your personal data, we invite you to contact us at the following address : <a style=\"color: #271c1a;\" href=\"mailto:front@sondemar.fr\">front@sondemar.fr<\/a><\/span><\/p>\n<p><span style=\"color: #271c1a;\"><strong>10 &#8211; CHANGES TO THE DECLARATION<\/strong><\/span><\/p>\n<p><span style=\"color: #271c1a;\">SON DE MAR reserves the right to adapt the personal data protection policy. When we make substantial changes to this Statement, we post a link to the Statement on the home page of our site.<\/span>[\/vc_column_text][\/vc_column][\/vc_row]<\/p>\n<\/div>","protected":false},"excerpt":{"rendered":"<p>[vc_row][vc_column width=&#8221;1\/1&#8243;][vc_custom_heading text_font=&#8221;font-372420&#8243; text_size=&#8221;fontsize-155944&#8243; text_weight=&#8221;200&#8243; text_transform=&#8221;uppercase&#8221; text_space=&#8221;fontspace-784970&#8243; uncode_shortcode_id=&#8221;274779&#8243;]Privacy policy[\/vc_custom_heading][vc_column_text uncode_shortcode_id=&#8221;169410&#8243;] Introduction In the context of the use of its services [&hellip;]<\/p>\n","protected":false},"author":1,"featured_media":0,"parent":0,"menu_order":0,"comment_status":"closed","ping_status":"closed","template":"","meta":{"footnotes":""},"class_list":["post-104644","page","type-page","status-publish","hentry"],"aioseo_notices":[],"_links":{"self":[{"href":"https:\/\/sondemar.fr\/en\/wp-json\/wp\/v2\/pages\/104644","targetHints":{"allow":["GET"]}}],"collection":[{"href":"https:\/\/sondemar.fr\/en\/wp-json\/wp\/v2\/pages"}],"about":[{"href":"https:\/\/sondemar.fr\/en\/wp-json\/wp\/v2\/types\/page"}],"author":[{"embeddable":true,"href":"https:\/\/sondemar.fr\/en\/wp-json\/wp\/v2\/users\/1"}],"replies":[{"embeddable":true,"href":"https:\/\/sondemar.fr\/en\/wp-json\/wp\/v2\/comments?post=104644"}],"version-history":[{"count":2,"href":"https:\/\/sondemar.fr\/en\/wp-json\/wp\/v2\/pages\/104644\/revisions"}],"predecessor-version":[{"id":104646,"href":"https:\/\/sondemar.fr\/en\/wp-json\/wp\/v2\/pages\/104644\/revisions\/104646"}],"wp:attachment":[{"href":"https:\/\/sondemar.fr\/en\/wp-json\/wp\/v2\/media?parent=104644"}],"curies":[{"name":"wp","href":"https:\/\/api.w.org\/{rel}","templated":true}]}}